{"id":5897,"date":"2024-08-30T11:05:11","date_gmt":"2024-08-30T09:05:11","guid":{"rendered":"https:\/\/www.veranstalterei.com\/hochzeitsmesse-langenselbold\/?page_id=5897"},"modified":"2025-07-11T12:19:12","modified_gmt":"2025-07-11T10:19:12","slug":"social-gewinnspiel-2025","status":"publish","type":"page","link":"https:\/\/www.veranstalterei.com\/hochzeitsmesse-langenselbold\/social-gewinnspiel-2025\/","title":{"rendered":"Social-Gewinnspiel 2025"},"content":{"rendered":"<div class=\"wpb-content-wrapper\"><p>[vc_row tm_bgimagefixed=&#8221;&#8221; css=&#8221;.vc_custom_1641905784765{margin-bottom: 200px !important;}&#8221;][vc_column][vc_column_text]Diese Teilnahmebedingungen beziehen sich auf das Gewinnspiel der <b>Veranstalterei f\u00fcr die &#8220;Hochzeitsmesse Langenselbold 2025&#8221; <\/b>(nachfolgend \u201eVeranstalter\u201c genannt). Die Teilnahme am Gewinnspiel richtet sich ausschlie\u00dflich nach diesen Teilnahmebedingungen. Das Gewinnspiel steht in keinerlei Verbindung zu\u00a0<strong>Instagram<\/strong>\u00a0und wird in keiner Weise von\u00a0<strong>Instagram<\/strong>\u00a0organisiert oder unterst\u00fctzt.<\/p>\n<p><strong>1) Dauer des Gewinnspiels<\/strong><\/p>\n<p>Die Dauer des Gewinnspiels erstreckt sich vom 30<strong>.07.2025<\/strong>\u00a0bis zum\u00a0<strong>22.09.2025 um 23:59 Uhr<\/strong>. Innerhalb dieses Zeitraums erhalten Nutzer online die M\u00f6glichkeit, am Gewinnspiel teilzunehmen.<\/p>\n<p><strong>2) Ablauf des Gewinnspiels<\/strong><\/p>\n<p>Die Teilnahme\/Anmeldung erfolgt \u00fcber die folgende Schritte:<\/p>\n<ol>\n<li>Folge unserem Instagram-Kanal <a href=\"https:\/\/www.instagram.com\/hochzeitsmesselangenselbold\/\">@hochzeitsmesselangenselbold<\/a>.<\/li>\n<li>Like das Gewinnspiel-Bild auf unserem Kanal.<\/li>\n<li>Markiere in den Kommentaren des Gewinnspiel-Beitrages mindestens 1 Person, die ebenfalls von einer Traumhochzeit tr\u00e4umt oder die Person, mit der du gerne vorbeikommen m\u00f6chtest.<\/li>\n<\/ol>\n<p>&nbsp;<\/p>\n<p>Die Teilnahme ist nur innerhalb des Teilnahmezeitraums m\u00f6glich und unter Zustimmung dieser Teilnahmebedingungen. Nach Teilnahmeschluss eingehende Einsendungen werden bei der Auslosung nicht ber\u00fccksichtigt.<\/p>\n<p>Pro Teilnehmer nimmt nur eine \u00fcbermittelte Anmeldung am Gewinnspiel teil. Es ist strengstens untersagt, mehrere Konten zur Erh\u00f6hung der Gewinnchancen zu verwenden.<\/p>\n<p>Die Teilnahme am Gewinnspiel ist kostenlos.<\/p>\n<p><strong>3) Teilnahmeberechtigte<\/strong><\/p>\n<p>Teilnahmeberechtigt sind nat\u00fcrliche Personen, die Ihren Wohnsitz in Deutschland und das 18. Lebensjahr vollendet haben. Die Teilnahme ist nicht auf Kunden des Veranstalters beschr\u00e4nkt und nicht vom Erwerb einer Ware oder Dienstleistung abh\u00e4ngig.<\/p>\n<p>Sollte ein Teilnehmer in seiner Gesch\u00e4ftsf\u00e4higkeit eingeschr\u00e4nkt sein, bedarf es der Einwilligung seines gesetzlichen Vertreters.<\/p>\n<p>Nicht teilnahmeberechtigt am Gewinnspiel sind alle an der Konzeption und Umsetzung des Gewinnspiels beteiligte Personen und Mitarbeiter des Veranstalters sowie ihre Familienmitglieder. Zudem beh\u00e4lt sich der Veranstalter vor, nach eigenem Ermessen Personen von der Teilnahme auszuschlie\u00dfen, wenn berechtigte Gr\u00fcnde vorliegen, beispielsweise:<\/p>\n<p><strong>(a)<\/strong>\u00a0bei Manipulationen im Zusammenhang mit Zugang zum oder Durchf\u00fchrung des Gewinnspiels,\u00a0<strong>(b)<\/strong>\u00a0bei Verst\u00f6\u00dfen gegen diese Teilnahmebedingungen,\u00a0<strong>(c)<\/strong>\u00a0bei unlauterem Handeln oder\u00a0<strong>(d)<\/strong>\u00a0bei falschen oder irref\u00fchrenden Angaben im Zusammenhang mit der Teilnahme an dem Gewinnspiel.<\/p>\n<p><strong>4) Gewinn, Benachrichtigung und \u00dcbermittlung des Gewinns<\/strong><\/p>\n<p>Das Gewinnspiel umfasst <b>eine Eintrittskarte <\/b>im Wert von\u00a0<strong>5,- Euro<\/strong>.<\/p>\n<p>Die Ermittlung des Gewinners erfolgt nach Teilnahmeschluss im Rahmen einer auf dem Zufallsprinzip beruhenden Verlosung unter allen Teilnehmern.<\/p>\n<p>Der Gewinner wird am <strong>23.09.2025<\/strong>\u00a0auf unserem Instagram-Profil bekannt gegeben und zus\u00e4tzlich \u00fcber eine private Nachricht informiert.<\/p>\n<p>Die Aush\u00e4ndigung des Gewinns erfolgt an der Tageskasse am Messetag dem 28.09.2025 &#8211; ausschlie\u00dflich an den Gewinner oder an den gesetzlichen Vertreter des Gewinners. Eine Barauszahlung des Gewinns sind nicht m\u00f6glich.<\/p>\n<p>Die mit der Inanspruchnahme des Gewinns in Zusammenhang stehende Kosten (Anreise etc.) gehen zu Lasten des Gewinners.<\/p>\n<p><strong>5) Vorzeitige Beendigung des Gewinnspiels<\/strong><\/p>\n<p>Der Veranstalter beh\u00e4lt sich vor, das Gewinnspiel zu jedem Zeitpunkt ohne Vorank\u00fcndigung und ohne Angabe von Gr\u00fcnden abzubrechen oder zu beenden. Von dieser M\u00f6glichkeit macht der Veranstalter insbesondere dann Gebrauch, wenn aus technischen Gr\u00fcnden (z. B. Viren im Computersystem, Manipulation oder Fehler in der Hard- und\/ oder Software) oder aus rechtlichen Gr\u00fcnden eine ordnungsgem\u00e4\u00dfe Durchf\u00fchrung des Gewinnspiels nicht gew\u00e4hrleistet werden kann. Sofern eine derartige Beendigung durch das Verhalten eines Teilnehmers verursacht wird, kann der Veranstalter von dieser Person den entstandenen Schaden zur\u00fcck verlangen.<\/p>\n<p><strong>6) Datenschutz<\/strong><\/p>\n<p>F\u00fcr die Teilnahme am Gewinnspiel ist die Angabe von pers\u00f6nlichen Daten notwendig. Der Teilnehmer versichert, dass die von ihm gemachten Angaben zur Person, insbesondere Vor-, Nachname, Anschrift und E Mail Adresse wahrheitsgem\u00e4\u00df und richtig sind.<\/p>\n<p>Der Veranstalter weist darauf hin, dass s\u00e4mtliche personenbezogenen Daten des Teilnehmers weder an Dritte weitergegeben noch diesen zur Nutzung \u00fcberlassen werden.<\/p>\n<p>Es werden alle E-Mail-Adressen und die freiwillig angegebenen Daten der Teilnehmer erfasst und ausschlie\u00dflich zur Gewinnermittlung gespeichert. Alle Daten werden sp\u00e4testens 30 Tage nach Ende des Gewinnspiels gel\u00f6scht. Den Teilnehmern stehen die gesetzlichen Auskunfts-, \u00c4nderungs- und Widerrufsrechte zu. Weitere Informationen zu unseren Datenschutzregelungen finden Sie hier: <strong><a href=\"https:\/\/www.veranstalterei.com\/datenschutzvereinbarungen\/\">Datenschutz<\/a><\/strong><\/p>\n<p><strong>7) Widerruf<\/strong><\/p>\n<p>Es steht dem Teilnehmer jederzeit frei, per Widerruf unter\u00a0<strong>info@veranstalterei.com<\/strong>\u00a0die L\u00f6schung seiner Registrierungsdaten zu bewirken und somit von der Teilnahme zur\u00fcckzutreten.<\/p>\n<p><strong>8) Haftung<\/strong><\/p>\n<p>Anspr\u00fcche wegen m\u00f6glicher Sach- und\/ oder Rechtsm\u00e4ngel an den von den Preissponsoren gestifteten Gewinnen sind ausschlie\u00dflich diesem gegen\u00fcber geltend zu machen.<\/p>\n<p>Der Veranstalter haftet nicht f\u00fcr die Insolvenz eines Preissponsors sowie die sich hieraus f\u00fcr die Durchf\u00fchrung des Gewinnspiels ergebenden Folgen.<\/p>\n<p><strong>9) Kontakt, Anwendbares Recht<\/strong><\/p>\n<p>Das Gewinnspiel wird von der SpitzenLiebe (vertreten durch Jacqueline Kl\u00f6ppel) durchgef\u00fchrt. Bei R\u00fcckfragen oder Beanstandungen wenden Sie sich an <strong>hallo@veranstalterei.com<\/strong>\u00a0oder <b>06055-880175<\/b>.<\/p>\n<p>Das Gewinnspiel des Veranstalters unterliegt ausschlie\u00dflich dem Recht der Bundesrepublik Deutschland. Der Rechtsweg ist ausgeschlossen.<\/p>\n<p><strong>10) Salvatorische Klausel<\/strong><\/p>\n<p>Sollte eine Bestimmung dieser Teilnahmebedingungen ganz oder teilweise unwirksam sein oder werden, so wird dadurch die G\u00fcltigkeit dieser Teilnahmebedingungen im \u00dcbrigen nicht ber\u00fchrt.<\/p>\n<p>Viel Gl\u00fcck und Erfolg w\u00fcnscht euch das Team der <strong>Hochzeitsmesse Langenselbold<\/strong>![\/vc_column_text][\/vc_column][\/vc_row]<\/p>\n<\/div>","protected":false},"excerpt":{"rendered":"<p>[vc_row tm_bgimagefixed=&#8221;&#8221; css=&#8221;.vc_custom_1641905784765{margin-bottom: 200px !important;}&#8221;][vc_column][vc_column_text]Diese Teilnahmebedingungen beziehen sich auf das Gewinnspiel der Veranstalterei f\u00fcr die &#8220;Hochzeitsmesse Langenselbold 2025&#8221; (nachfolgend \u201eVeranstalter\u201c genannt). Die Teilnahme am Gewinnspiel richtet sich ausschlie\u00dflich nach diesen &hellip; <a href=\"https:\/\/www.veranstalterei.com\/hochzeitsmesse-langenselbold\/social-gewinnspiel-2025\/\" class=\"more-link\">Continue reading <span class=\"screen-reader-text\">Social-Gewinnspiel 2025<\/span><\/a><\/p>\n","protected":false},"author":1,"featured_media":0,"parent":0,"menu_order":0,"comment_status":"closed","ping_status":"closed","template":"","meta":{"content-type":"","footnotes":""},"class_list":["post-5897","page","type-page","status-publish","hentry"],"_links":{"self":[{"href":"https:\/\/www.veranstalterei.com\/hochzeitsmesse-langenselbold\/wp-json\/wp\/v2\/pages\/5897","targetHints":{"allow":["GET"]}}],"collection":[{"href":"https:\/\/www.veranstalterei.com\/hochzeitsmesse-langenselbold\/wp-json\/wp\/v2\/pages"}],"about":[{"href":"https:\/\/www.veranstalterei.com\/hochzeitsmesse-langenselbold\/wp-json\/wp\/v2\/types\/page"}],"author":[{"embeddable":true,"href":"https:\/\/www.veranstalterei.com\/hochzeitsmesse-langenselbold\/wp-json\/wp\/v2\/users\/1"}],"replies":[{"embeddable":true,"href":"https:\/\/www.veranstalterei.com\/hochzeitsmesse-langenselbold\/wp-json\/wp\/v2\/comments?post=5897"}],"version-history":[{"count":4,"href":"https:\/\/www.veranstalterei.com\/hochzeitsmesse-langenselbold\/wp-json\/wp\/v2\/pages\/5897\/revisions"}],"predecessor-version":[{"id":6056,"href":"https:\/\/www.veranstalterei.com\/hochzeitsmesse-langenselbold\/wp-json\/wp\/v2\/pages\/5897\/revisions\/6056"}],"wp:attachment":[{"href":"https:\/\/www.veranstalterei.com\/hochzeitsmesse-langenselbold\/wp-json\/wp\/v2\/media?parent=5897"}],"curies":[{"name":"wp","href":"https:\/\/api.w.org\/{rel}","templated":true}]}}